{"id":181,"date":"2022-11-11T11:29:14","date_gmt":"2022-11-11T11:29:14","guid":{"rendered":"https:\/\/posadadelariva.es\/?page_id=181"},"modified":"2023-11-23T14:51:18","modified_gmt":"2023-11-23T14:51:18","slug":"aviso-legal","status":"publish","type":"page","link":"https:\/\/posadadelariva.es\/?page_id=181","title":{"rendered":"Aviso Legal"},"content":{"rendered":"\t\t<div data-elementor-type=\"wp-page\" data-elementor-id=\"181\" class=\"elementor elementor-181\">\n\t\t\t\t\t\t<section class=\"elementor-section elementor-top-section elementor-element elementor-element-679db8c8 elementor-section-boxed elementor-section-height-default elementor-section-height-default\" data-id=\"679db8c8\" data-element_type=\"section\" data-e-type=\"section\">\n\t\t\t\t\t\t<div class=\"elementor-container elementor-column-gap-default\">\n\t\t\t\t\t<div class=\"elementor-column elementor-col-100 elementor-top-column elementor-element elementor-element-4d7d266\" data-id=\"4d7d266\" data-element_type=\"column\" data-e-type=\"column\">\n\t\t\t<div class=\"elementor-widget-wrap elementor-element-populated\">\n\t\t\t\t\t\t<div class=\"elementor-element elementor-element-fec6187 elementor-widget elementor-widget-image\" data-id=\"fec6187\" data-element_type=\"widget\" data-e-type=\"widget\" data-widget_type=\"image.default\">\n\t\t\t\t<div class=\"elementor-widget-container\">\n\t\t\t\t\t\t\t\t\t\t\t\t\t\t\t<img fetchpriority=\"high\" decoding=\"async\" width=\"1024\" height=\"94\" src=\"https:\/\/posadadelariva.es\/wp-content\/uploads\/2023\/11\/posada-1024x94.jpg\" class=\"attachment-large size-large wp-image-195\" alt=\"\" srcset=\"https:\/\/posadadelariva.es\/wp-content\/uploads\/2023\/11\/posada-1024x94.jpg 1024w, https:\/\/posadadelariva.es\/wp-content\/uploads\/2023\/11\/posada-300x27.jpg 300w, https:\/\/posadadelariva.es\/wp-content\/uploads\/2023\/11\/posada-768x70.jpg 768w, https:\/\/posadadelariva.es\/wp-content\/uploads\/2023\/11\/posada.jpg 1158w\" sizes=\"(max-width: 1024px) 100vw, 1024px\" \/>\t\t\t\t\t\t\t\t\t\t\t\t\t\t\t<\/div>\n\t\t\t\t<\/div>\n\t\t\t\t<div class=\"elementor-element elementor-element-5ff813ea elementor-widget elementor-widget-text-editor\" data-id=\"5ff813ea\" data-element_type=\"widget\" data-e-type=\"widget\" data-widget_type=\"text-editor.default\">\n\t\t\t\t<div class=\"elementor-widget-container\">\n\t\t\t\t\t\t\t\t\t<p><\/p>\n<p><br><\/p>\n<p><\/p>\n<p><\/p>\n<p>Con los l\u00edmites establecidos en la ley, ALBERTO POSADA DE LA RIVA S.L. no asume ninguna responsabilidad derivada de la falta de veracidad, integridad, actualizaci\u00f3n y precisi\u00f3n de los datos o informaciones que se contienen en sus p\u00e1ginas de Internet.<\/p>\n<p><\/p>\n<p><\/p>\n<p>Los contenidos e informaci\u00f3n no vinculan a ALBERTO POSADA DE LA RIVA S.L. ni constituyen opiniones, consejos o asesoramiento legal de ning\u00fan tipo pues se trata meramente de un servicio ofrecido con car\u00e1cter informativo y divulgativo.<\/p>\n<p><\/p>\n<p><\/p>\n<p>La p\u00e1gina de Internet de&nbsp;puede contener enlaces (links) a otras p\u00e1ginas de terceras partes que no puede controlar. Por lo tanto, ALBERTO POSADA DE LA RIVA S.L no puede asumir responsabilidades por el contenido que pueda aparecer en p\u00e1ginas de terceros.<\/p>\n<p><\/p>\n<p><\/p>\n<p>Los textos, im\u00e1genes, sonidos, animaciones, software y el resto de contenidos incluidos en este website son propiedad exclusiva de ALBERTO POSDADA DE LA RIVA S.L o sus licenciantes. Cualquier acto de transmisi\u00f3n, distribuci\u00f3n, cesi\u00f3n, reproducci\u00f3n, almacenamiento o comunicaci\u00f3n p\u00fablica total o parcial, debe contar con el consentimiento expreso de ALBERTO POSADA DE LA RIVA S.L<\/p>\n<p><\/p>\n<p><\/p>\n<p>Asimismo, para acceder a algunos de los servicios que ALBERTO POSADA DE LA RIVA S.L ofrece a trav\u00e9s del website deber\u00e1 proporcionar algunos datos de car\u00e1cter personal. En cumplimiento de lo establecido en el Reglamento (UE) 2016\/679 del Parlamento Europeo y del Consejo, de 27 de abril de 2016, relativo a la protecci\u00f3n de las personas f\u00edsicas en lo que respecta al tratamiento de datos personales y a la libre circulaci\u00f3n de estos datos le informamos que, mediante la cumplimentaci\u00f3n de los presentes formularios, sus datos personales quedar\u00e1n incorporados y ser\u00e1n tratados en los ficheros de ALBERTO POSADA DE LA RIVA S.L &nbsp;con el fin de poderle prestar y ofrecer nuestros servicios as\u00ed como para informarle de las mejoras del sitio Web. Asimismo, le informamos de la posibilidad de que ejerza los derechos de acceso, rectificaci\u00f3n, cancelaci\u00f3n y oposici\u00f3n de sus datos de car\u00e1cter personal, manera gratuita mediante email a <a href=\"mailto:elena@posadadelariva.es\">elena@posadadelariva.es<\/a>.<\/p>\n<p><\/p>\n<p><\/p>\n<p><\/p>\t\t\t\t\t\t\t\t<\/div>\n\t\t\t\t<\/div>\n\t\t\t\t\t<\/div>\n\t\t<\/div>\n\t\t\t\t\t<\/div>\n\t\t<\/section>\n\t\t\t\t<\/div>\n\t\t","protected":false},"excerpt":{"rendered":"<p>Con los l\u00edmites establecidos en la ley, ALBERTO POSADA DE LA RIVA S.L. no asume ninguna responsabilidad derivada de la falta de veracidad, integridad, actualizaci\u00f3n y precisi\u00f3n de los datos o informaciones que se contienen en sus p\u00e1ginas de Internet. Los contenidos e informaci\u00f3n no vinculan a ALBERTO POSADA DE LA RIVA S.L. ni constituyen&#8230;<\/p>\n","protected":false},"author":1,"featured_media":0,"parent":0,"menu_order":0,"comment_status":"closed","ping_status":"closed","template":"","meta":{"_kadence_starter_templates_imported_post":false,"_kad_post_transparent":"","_kad_post_title":"","_kad_post_layout":"","_kad_post_sidebar_id":"","_kad_post_content_style":"","_kad_post_vertical_padding":"","_kad_post_feature":"","_kad_post_feature_position":"","_kad_post_header":false,"_kad_post_footer":false,"_kad_post_classname":"","footnotes":""},"class_list":["post-181","page","type-page","status-publish","hentry"],"_links":{"self":[{"href":"https:\/\/posadadelariva.es\/index.php?rest_route=\/wp\/v2\/pages\/181","targetHints":{"allow":["GET"]}}],"collection":[{"href":"https:\/\/posadadelariva.es\/index.php?rest_route=\/wp\/v2\/pages"}],"about":[{"href":"https:\/\/posadadelariva.es\/index.php?rest_route=\/wp\/v2\/types\/page"}],"author":[{"embeddable":true,"href":"https:\/\/posadadelariva.es\/index.php?rest_route=\/wp\/v2\/users\/1"}],"replies":[{"embeddable":true,"href":"https:\/\/posadadelariva.es\/index.php?rest_route=%2Fwp%2Fv2%2Fcomments&post=181"}],"version-history":[{"count":5,"href":"https:\/\/posadadelariva.es\/index.php?rest_route=\/wp\/v2\/pages\/181\/revisions"}],"predecessor-version":[{"id":198,"href":"https:\/\/posadadelariva.es\/index.php?rest_route=\/wp\/v2\/pages\/181\/revisions\/198"}],"wp:attachment":[{"href":"https:\/\/posadadelariva.es\/index.php?rest_route=%2Fwp%2Fv2%2Fmedia&parent=181"}],"curies":[{"name":"wp","href":"https:\/\/api.w.org\/{rel}","templated":true}]}}